{"id":29,"date":"2020-06-09T18:59:24","date_gmt":"2020-06-09T16:59:24","guid":{"rendered":"http:\/\/mas.mumbly.net\/?post_type=product&#038;p=29"},"modified":"2021-08-17T22:07:53","modified_gmt":"2021-08-17T20:07:53","slug":"lucian-rouge","status":"publish","type":"product","link":"https:\/\/mas.mumbly.net\/index.php\/produit\/lucian-rouge\/","title":{"rendered":"Lucian Rouge"},"content":{"rendered":"<p>Appellation : AOP Languedoc Saint Saturnin<br \/>\nAssemblage : Grenache (30%), Syrah (60%), Carignan (10%)<br \/>\nTerroir : Age moyen des vignes: 25 ans.<br \/>\nNature des sols: Argilo-calcaire tr\u00e8s caillouteux. Altitude: 80m \u00e0 Jonqui\u00e8res \u00e0 300m \u00e0 Arboras.<br \/>\nMill\u00e9sime : 2015<br \/>\nVinification : Eraflage \u00e0 100%, cuvaison traditionnelle de 1 \u00e0 2 semaines.<br \/>\nD\u00e9gustation : Lucian vous surprendra par sa robe grenat profonde, son nez intense de fruits rouges et de notes \u00e9pic\u00e9es. Sa bouche puissante et structur\u00e9e se termine par une belle longueur en bouche aux tanins soyeux et \u00e9l\u00e9gants.<br \/>\nService : 18\u00b0C.<br \/>\nVieillissement : 2 \u00e0 5 ans.<br \/>\nR\u00e9compense : M\u00e9daille d&rsquo;Or au Concours Initiative 42 Gignac 2012.<br \/>\nM\u00e9daille d&rsquo;Argent au Concours des Vins F\u00e9minalise 2012.<br \/>\nM\u00e9daille de Bronze pour les Prix Plaisir 2012 Bettane Desseauve.<br \/>\nM\u00e9daille de Bronze au Concours G\u00e9n\u00e9ral Agricole, 2015.<br \/>\nVol. : 14 %<br \/>\nBouteille : 75 cl.<br \/>\nAccompagnement : Il s&rsquo;accordera parfaitement avec les viandes rouges, les gibiers et les fromages.<\/p>\n<p>Suggestions: Gardiane de taureau.<\/p>\n","protected":false},"excerpt":{"rendered":"<p>Appellation : AOP Languedoc Saint Saturnin Assemblage : Grenache (30%), Syrah (60%), Carignan (10%) Terroir : Age moyen des vignes: 25 ans. Nature des sols: Argilo-calcaire tr\u00e8s caillouteux. Altitude: 80m \u00e0 Jonqui\u00e8res \u00e0 300m \u00e0 Arboras. Mill\u00e9sime : 2015 Vinification : Eraflage \u00e0 100%, cuvaison traditionnelle de 1 \u00e0 2 semaines. D\u00e9gustation : Lucian vous [&hellip;]<\/p>\n","protected":false},"featured_media":30,"comment_status":"open","ping_status":"closed","template":"","meta":[],"product_brand":[],"product_cat":[17,16],"product_tag":[],"class_list":{"0":"post-29","1":"product","2":"type-product","3":"status-publish","4":"has-post-thumbnail","6":"product_cat-vins-rouge","7":"product_cat-vins","9":"first","10":"instock","11":"featured","12":"shipping-taxable","13":"purchasable","14":"product-type-simple"},"_links":{"self":[{"href":"https:\/\/mas.mumbly.net\/index.php\/wp-json\/wp\/v2\/product\/29","targetHints":{"allow":["GET"]}}],"collection":[{"href":"https:\/\/mas.mumbly.net\/index.php\/wp-json\/wp\/v2\/product"}],"about":[{"href":"https:\/\/mas.mumbly.net\/index.php\/wp-json\/wp\/v2\/types\/product"}],"replies":[{"embeddable":true,"href":"https:\/\/mas.mumbly.net\/index.php\/wp-json\/wp\/v2\/comments?post=29"}],"wp:featuredmedia":[{"embeddable":true,"href":"https:\/\/mas.mumbly.net\/index.php\/wp-json\/wp\/v2\/media\/30"}],"wp:attachment":[{"href":"https:\/\/mas.mumbly.net\/index.php\/wp-json\/wp\/v2\/media?parent=29"}],"wp:term":[{"taxonomy":"product_brand","embeddable":true,"href":"https:\/\/mas.mumbly.net\/index.php\/wp-json\/wp\/v2\/product_brand?post=29"},{"taxonomy":"product_cat","embeddable":true,"href":"https:\/\/mas.mumbly.net\/index.php\/wp-json\/wp\/v2\/product_cat?post=29"},{"taxonomy":"product_tag","embeddable":true,"href":"https:\/\/mas.mumbly.net\/index.php\/wp-json\/wp\/v2\/product_tag?post=29"}],"curies":[{"name":"wp","href":"https:\/\/api.w.org\/{rel}","templated":true}]}}