{"id":24,"date":"2020-06-09T18:53:01","date_gmt":"2020-06-09T16:53:01","guid":{"rendered":"http:\/\/mas.mumbly.net\/?post_type=product&#038;p=24"},"modified":"2021-08-17T22:09:56","modified_gmt":"2021-08-17T20:09:56","slug":"lucian-blanc","status":"publish","type":"product","link":"https:\/\/mas.mumbly.net\/index.php\/produit\/lucian-blanc\/","title":{"rendered":"Lucian Blanc"},"content":{"rendered":"<p>Appellation : Languedoc Appellation d&rsquo;Origine Prot\u00e9g\u00e9e<br \/>\nAssemblage : Grenache (20%), Marsanne (40%), Vermentino (40%)<br \/>\nTerroir : Age moyen des vignes: 25 ans.<br \/>\nNature des sols: Argilo-calcaire tr\u00e8s caillouteux.<br \/>\nAltitude: 80m \u00e0 Jonqui\u00e8res et 300m \u00e0 Arboras.<br \/>\nMill\u00e9sime : 2019<br \/>\nVinification : Issu d&rsquo;une s\u00e9lection parcellaire tr\u00e8s strict, le raisin subit un \u00e9raflage total suivi dune mac\u00e9ration pelliculaire, d&rsquo;un d\u00e9bourbage \u00e0 froid et d&rsquo;une fermentation \u00e0 basse temp\u00e9rature.<\/p>\n<p>D\u00e9gustation : Robe or p\u00e2le brillant. Nez m\u00ealant fruits \u00e0 noyau, fleurs des pr\u00e9s et une touche de min\u00e9ralit\u00e9. En bouche, l\u2019attaque est ronde pour ce vin vif et riche sur les \u00e9pices. Finale d\u2019agrumes.<br \/>\nService : 7\u00b0C.<br \/>\nVieillissement : A conserver jusqu&rsquo;\u00e0 3 ans en cave.<br \/>\nVol. : 14% %<br \/>\nBouteille : 75 cl.<br \/>\nAccompagnement : S&rsquo;accompagne \u00e0 merveille avec les coquillages le poisson, les viandes blanches, volailles, lapin et fromages.<\/p>\n<p>Suggestions:<\/p>\n<p>Daurade grill\u00e9e aux herbes.<\/p>\n","protected":false},"excerpt":{"rendered":"<p>Appellation : Languedoc Appellation d&rsquo;Origine Prot\u00e9g\u00e9e Assemblage : Grenache (20%), Marsanne (40%), Vermentino (40%) Terroir : Age moyen des vignes: 25 ans. Nature des sols: Argilo-calcaire tr\u00e8s caillouteux. Altitude: 80m \u00e0 Jonqui\u00e8res et 300m \u00e0 Arboras. Mill\u00e9sime : 2019 Vinification : Issu d&rsquo;une s\u00e9lection parcellaire tr\u00e8s strict, le raisin subit un \u00e9raflage total suivi dune [&hellip;]<\/p>\n","protected":false},"featured_media":25,"comment_status":"open","ping_status":"closed","template":"","meta":[],"product_brand":[],"product_cat":[18,16],"product_tag":[],"class_list":{"0":"post-24","1":"product","2":"type-product","3":"status-publish","4":"has-post-thumbnail","6":"product_cat-vins-blanc","7":"product_cat-vins","9":"first","10":"instock","11":"featured","12":"shipping-taxable","13":"purchasable","14":"product-type-simple"},"_links":{"self":[{"href":"https:\/\/mas.mumbly.net\/index.php\/wp-json\/wp\/v2\/product\/24","targetHints":{"allow":["GET"]}}],"collection":[{"href":"https:\/\/mas.mumbly.net\/index.php\/wp-json\/wp\/v2\/product"}],"about":[{"href":"https:\/\/mas.mumbly.net\/index.php\/wp-json\/wp\/v2\/types\/product"}],"replies":[{"embeddable":true,"href":"https:\/\/mas.mumbly.net\/index.php\/wp-json\/wp\/v2\/comments?post=24"}],"wp:featuredmedia":[{"embeddable":true,"href":"https:\/\/mas.mumbly.net\/index.php\/wp-json\/wp\/v2\/media\/25"}],"wp:attachment":[{"href":"https:\/\/mas.mumbly.net\/index.php\/wp-json\/wp\/v2\/media?parent=24"}],"wp:term":[{"taxonomy":"product_brand","embeddable":true,"href":"https:\/\/mas.mumbly.net\/index.php\/wp-json\/wp\/v2\/product_brand?post=24"},{"taxonomy":"product_cat","embeddable":true,"href":"https:\/\/mas.mumbly.net\/index.php\/wp-json\/wp\/v2\/product_cat?post=24"},{"taxonomy":"product_tag","embeddable":true,"href":"https:\/\/mas.mumbly.net\/index.php\/wp-json\/wp\/v2\/product_tag?post=24"}],"curies":[{"name":"wp","href":"https:\/\/api.w.org\/{rel}","templated":true}]}}